{"id":2,"date":"2022-08-29T10:50:14","date_gmt":"2022-08-29T09:50:14","guid":{"rendered":"http:\/\/navcon.hu\/?page_id=2"},"modified":"2022-08-31T09:23:51","modified_gmt":"2022-08-31T08:23:51","slug":"bemutatkozas","status":"publish","type":"page","link":"https:\/\/navcon.hu\/","title":{"rendered":"Bemutatkoz\u00e1s"},"content":{"rendered":"\n<p>A Navcon Bt. k\u00fcldet\u00e9se, hogy testre szabott projekt vezet\u00e9si \u00e9s \u00fcgyviteli megold\u00e1st ny\u00fajtson partnerei sz\u00e1m\u00e1ra, hogy azok hat\u00e9konyabb\u00e1, gyorsabb\u00e1, a versenyt\u00e1rsaikra vesz\u00e9lyesebbek\u00e9 v\u00e1ljanak.<\/p>\n\n\n\n<p>A Mi feladatunk, hogy \u00d6n megb\u00edzhat\u00f3, stabil \u00fcgyviteli megold\u00e1ssal rendelkezzen.<\/p>\n\n\n\n<p>C\u00e9g\u00fcnk, k\u00fcldet\u00e9s\u00e9nek megfelel\u0151en, a k\u00f6vetkez\u0151 tev\u00e9kenys\u00e9gekkel seg\u00edthetj\u00fck c\u00e9ge munk\u00e1j\u00e1t:<\/p>\n\n\n\n<ul class=\"wp-block-list\"><li>\u00dcgyviteli rendszer bevezet\u00e9s el\u0151tt helyzetfelm\u00e9r\u00e9s elk\u00e9sz\u00edt\u00e9se<\/li><li>Rendszerspecifik\u00e1ci\u00f3 elk\u00e9sz\u00edt\u00e9se<\/li><li>A rendszer kiv\u00e1laszt\u00e1s d\u00f6nt\u00e9shozatali folyamat\u00e1nak t\u00e1mogat\u00e1sa<\/li><li>Projekt terv elk\u00e9sz\u00edt\u00e9se<\/li><li>A bevezet\u00e9s folyamat\u00e1ban a projekt vezet\u00e9si feladatok ell\u00e1t\u00e1sa<\/li><li>Vezet\u0151s\u00e9gi besz\u00e1mol\u00f3k k\u00e9sz\u00edt\u00e9se a projekt \u00e1llapot\u00e1r\u00f3l<\/li><li>Er\u0151forr\u00e1s menedzsment<\/li><li>Egyedi fejleszt\u00e9sek specifik\u00e1l\u00e1sa, megval\u00f3s\u00edt\u00e1sa<\/li><li>Rendszer audit<\/li><li>Sikertelen bevezet\u00e9sek \u00e1tvil\u00e1g\u00edt\u00e1sa, szaktan\u00e1csad\u00e1s<\/li><\/ul>\n","protected":false},"excerpt":{"rendered":"<p>A Navcon Bt. k\u00fcldet\u00e9se, hogy testre szabott projekt vezet\u00e9si \u00e9s \u00fcgyviteli megold\u00e1st ny\u00fajtson partnerei sz\u00e1m\u00e1ra, hogy azok hat\u00e9konyabb\u00e1, gyorsabb\u00e1, a versenyt\u00e1rsaikra vesz\u00e9lyesebbek\u00e9 v\u00e1ljanak. A Mi feladatunk, hogy \u00d6n megb\u00edzhat\u00f3, stabil \u00fcgyviteli megold\u00e1ssal rendelkezzen. C\u00e9g\u00fcnk, k\u00fcldet\u00e9s\u00e9nek megfelel\u0151en, a k\u00f6vetkez\u0151 tev\u00e9kenys\u00e9gekkel seg\u00edthetj\u00fck &hellip; <a href=\"https:\/\/navcon.hu\/\">Egy kattint\u00e1s ide a folytat\u00e1shoz&#8230;. <span class=\"meta-nav\">&rarr;<\/span><\/a><\/p>\n","protected":false},"author":1,"featured_media":0,"parent":0,"menu_order":0,"comment_status":"closed","ping_status":"closed","template":"","meta":{"footnotes":""},"class_list":["post-2","page","type-page","status-publish","hentry"],"_links":{"self":[{"href":"https:\/\/navcon.hu\/index.php?rest_route=\/wp\/v2\/pages\/2","targetHints":{"allow":["GET"]}}],"collection":[{"href":"https:\/\/navcon.hu\/index.php?rest_route=\/wp\/v2\/pages"}],"about":[{"href":"https:\/\/navcon.hu\/index.php?rest_route=\/wp\/v2\/types\/page"}],"author":[{"embeddable":true,"href":"https:\/\/navcon.hu\/index.php?rest_route=\/wp\/v2\/users\/1"}],"replies":[{"embeddable":true,"href":"https:\/\/navcon.hu\/index.php?rest_route=%2Fwp%2Fv2%2Fcomments&post=2"}],"version-history":[{"count":2,"href":"https:\/\/navcon.hu\/index.php?rest_route=\/wp\/v2\/pages\/2\/revisions"}],"predecessor-version":[{"id":21,"href":"https:\/\/navcon.hu\/index.php?rest_route=\/wp\/v2\/pages\/2\/revisions\/21"}],"wp:attachment":[{"href":"https:\/\/navcon.hu\/index.php?rest_route=%2Fwp%2Fv2%2Fmedia&parent=2"}],"curies":[{"name":"wp","href":"https:\/\/api.w.org\/{rel}","templated":true}]}}